{"id":10,"date":"2026-03-03T13:21:47","date_gmt":"2026-03-03T13:21:47","guid":{"rendered":"https:\/\/varatuomariturpela.fi\/?page_id=10"},"modified":"2026-03-08T16:53:52","modified_gmt":"2026-03-08T16:53:52","slug":"tietoja","status":"publish","type":"page","link":"https:\/\/varatuomariturpela.fi\/?page_id=10","title":{"rendered":"Erityisosaaminen"},"content":{"rendered":"\n<p>Erityisosaamistani ovat sopimusoikeus sek\u00e4 perhe -ja j\u00e4\u00e4mist\u00f6oikeus. Voin olla avuksi my\u00f6s hallinto-oikeudellisissa toimeksiannoissa, kuten kanteluissa viranomaiselle.&nbsp;<\/p>\n\n\n\n<p>Autan sinua hoitamaan lakiasiat selke\u00e4sti ja yst\u00e4v\u00e4llisesti. Ennakointi mahdollistaa monissa tilanteissa ongelmien v\u00e4ltt\u00e4misen. N\u00e4in voit keskitty\u00e4 siihen, mik\u00e4 sinulle tai yrityksellesi on t\u00e4rke\u00e4\u00e4.<\/p>\n\n\n\n<h3 class=\"wp-block-heading\"><strong>\u200bPerhe- ja perint\u00f6oikeus \u2013 Turvaa itsesi ja l\u00e4heisesi<\/strong><\/h3>\n\n\n\n<p>\u200bPerheoikeudellisilla asiakirjoilla varaudut tulevaisuuteen ja pid\u00e4t huolta omaisuudestasi ja sen eteenp\u00e4in siirtymisest\u00e4.<\/p>\n\n\n\n<ul class=\"wp-block-list\">\n<li>\u200b<strong>Edunvalvontavaltuutus:<\/strong> Varmista, kuka hoitaa asioita arvojesi mukaisesti, jos et itse siihen pysty. T\u00e4m\u00e4 on t\u00e4rkein asiakirja, joka jokaisen tulisi laatia.<\/li>\n\n\n\n<li>\u200b<strong>Testamentti ja perint\u00f6suunnittelu:<\/strong> Ohjaa omaisuutesi sinne, minne haluat, minimoi perillisten verotaakka sek\u00e4 mahdolliset riidat.<\/li>\n\n\n\n<li>\u200b<strong>Avioehtosopimus:<\/strong> Avioehdon laatimalla p\u00e4\u00e4t\u00f6s omaisuuden jakotavasta erotilanteessa tai kuoleman kohdatessa on aviopuolisoiden yhteisen sopimuksen mukainen.<\/li>\n\n\n\n<li>\u200b<strong>Perunkirjoitus ja perinn\u00f6njako:<\/strong> Perukirja on lakis\u00e4\u00e4teinen asiakirja, johon luetteloidaan vainajan varat, velat ja perilliset. Perinn\u00f6njakokirja on pakollinen kirjallinen sopimus, joka p\u00e4\u00e4tt\u00e4\u00e4 kuolinpes\u00e4n ja m\u00e4\u00e4ritt\u00e4\u00e4, mit\u00e4 omaisuutta kukin osakas saa. Asiakirja on v\u00e4ltt\u00e4m\u00e4t\u00f6n perinn\u00f6njaon toteuttamiseksi, verotusta ja kiinteist\u00f6jen omistusoikeuden siirtoa varten.<\/li>\n<\/ul>\n\n\n\n<h3 class=\"wp-block-heading\"><strong>\u200bSopimusoikeus \u2013 Varmuutta kaupank\u00e4yntiin ja yhteisty\u00f6h\u00f6n<\/strong><\/h3>\n\n\n\n<p>\u200bHyv\u00e4 sopimus on paras vakuutus. Se ehk\u00e4isee riitoja ja luo pohjan luottamukselliselle yhteisty\u00f6lle.<\/p>\n\n\n\n<ul class=\"wp-block-list\">\n<li>\u200b<strong>Kauppa- ja lahjakirjat:<\/strong> Olipa kyseess\u00e4 kiinteist\u00f6, asunto tai irtain omaisuus, varmistetaan, ett\u00e4 asiakirjasi on oikein laadittu.<\/li>\n\n\n\n<li>\u200b<strong>Vuokrasopimukset:<\/strong> Asunto- tai liiketilan vuokrasopimuksen laatiminen varmistaa, ett\u00e4 molempien osapuolten oikeudet toteutuvat.<\/li>\n\n\n\n<li>\u200b<strong>Sopimusneuvottelut ja yrityksesi sopimukset:<\/strong> Olen sinun tai yrityksesi tukena varmistamassa parhaan mahdollisen lopputuloksen.<\/li>\n<\/ul>\n\n\n\n<h3 class=\"wp-block-heading\"><strong>\u200bMiksi valita minut?<\/strong><\/h3>\n\n\n\n<p>Luottamalla ammattilaiseen saat juuri oikeat ja tarpeisiisi laaditut asiakirjat.&nbsp;<\/p>\n\n\n\n<p>\u200b<strong>Varautuminen on varmempaa kuin korjaaminen<\/strong><\/p>\n\n\n\n<p>Panostamalla juridisiin asiakirjoihin nyt, s\u00e4\u00e4st\u00e4t aikaa, rahaa ja hermoja tulevaisuudessa.<\/p>\n\n\n\n<p>\u200b<strong>Luottamus<\/strong><\/p>\n\n\n\n<p>Jokainen toimeksianto hoidetaan ehdottoman luottamuksellisesti ja yksil\u00f6llisesti.<\/p>\n\n\n\n<h3 class=\"wp-block-heading\"><strong>\u200bMiten voin olla avuksi?<\/strong><\/h3>\n\n\n\n<p>\u200b<strong>Varaa maksuton 15 minuutin alkukartoitus.<\/strong><\/p>\n\n\n\n<p>Keskustellaan tilanteestasi ja katsotaan, miten voin olla avuksi. <a href=\"https:\/\/varatuomariturpela.fi\/?page_id=11\">J\u00e4t\u00e4 yhteydenottopyynt\u00f6<\/a>, laita s\u00e4hk\u00f6postia tai soita.<\/p>\n\n\n\n<p>Autan sinua kohtaamiesi oikeudellisten ongelmien ratkaisemisessa. T\u00e4ytt\u00e4m\u00e4ll\u00e4 lomakkeen yhteystiedoillasi ja lyhyell\u00e4 kuvauksella oikeudellisesta asiastasi, voin nopeasti arvioida tarpeesi ja tarjota sinulle tarvitsemaasi apua. Tarjoan palvelua suomeksi ja englanniksi.<\/p>\n\n\n\n<p>Voit olla varma, ett\u00e4 yksityisyytesi on minulle ensiarvoisen t\u00e4rke\u00e4\u00e4. Kaikkia jakamiasi tietoja k\u00e4sitell\u00e4\u00e4n ehdottoman luottamuksellisesti ja niit\u00e4 k\u00e4ytet\u00e4\u00e4n ainoastaan \u200b\u200boikeudellisen huolenaiheesi ratkaisemiseen.<\/p>\n","protected":false},"excerpt":{"rendered":"<p>Erityisosaamistani ovat sopimusoikeus sek\u00e4 perhe -ja j\u00e4\u00e4mist\u00f6oikeus. Voin olla avuksi my\u00f6s hallinto-oikeudellisissa toimeksiannoissa, kuten kanteluissa viranomaiselle.&nbsp; Autan sinua hoitamaan lakiasiat selke\u00e4sti ja yst\u00e4v\u00e4llisesti. Ennakointi mahdollistaa monissa tilanteissa ongelmien v\u00e4ltt\u00e4misen. N\u00e4in voit keskitty\u00e4 siihen, mik\u00e4 sinulle tai yrityksellesi on t\u00e4rke\u00e4\u00e4. \u200bPerhe- ja perint\u00f6oikeus \u2013 Turvaa itsesi ja l\u00e4heisesi \u200bPerheoikeudellisilla asiakirjoilla varaudut tulevaisuuteen ja pid\u00e4t huolta omaisuudestasi &hellip; <\/p>\n<p class=\"link-more\"><a href=\"https:\/\/varatuomariturpela.fi\/?page_id=10\" class=\"more-link\">Jatka lukemista<span class=\"screen-reader-text\"> &#8221;Erityisosaaminen&#8221;<\/span><\/a><\/p>\n","protected":false},"author":1,"featured_media":0,"parent":0,"menu_order":0,"comment_status":"closed","ping_status":"closed","template":"","meta":{"footnotes":""},"class_list":["post-10","page","type-page","status-publish","hentry"],"_links":{"self":[{"href":"https:\/\/varatuomariturpela.fi\/index.php?rest_route=\/wp\/v2\/pages\/10","targetHints":{"allow":["GET"]}}],"collection":[{"href":"https:\/\/varatuomariturpela.fi\/index.php?rest_route=\/wp\/v2\/pages"}],"about":[{"href":"https:\/\/varatuomariturpela.fi\/index.php?rest_route=\/wp\/v2\/types\/page"}],"author":[{"embeddable":true,"href":"https:\/\/varatuomariturpela.fi\/index.php?rest_route=\/wp\/v2\/users\/1"}],"replies":[{"embeddable":true,"href":"https:\/\/varatuomariturpela.fi\/index.php?rest_route=%2Fwp%2Fv2%2Fcomments&post=10"}],"version-history":[{"count":4,"href":"https:\/\/varatuomariturpela.fi\/index.php?rest_route=\/wp\/v2\/pages\/10\/revisions"}],"predecessor-version":[{"id":55,"href":"https:\/\/varatuomariturpela.fi\/index.php?rest_route=\/wp\/v2\/pages\/10\/revisions\/55"}],"wp:attachment":[{"href":"https:\/\/varatuomariturpela.fi\/index.php?rest_route=%2Fwp%2Fv2%2Fmedia&parent=10"}],"curies":[{"name":"wp","href":"https:\/\/api.w.org\/{rel}","templated":true}]}}