{"id":58,"date":"2026-03-08T17:14:46","date_gmt":"2026-03-08T17:14:46","guid":{"rendered":"https:\/\/varatuomariturpela.fi\/?page_id=58"},"modified":"2026-03-08T17:22:13","modified_gmt":"2026-03-08T17:22:13","slug":"yhteystiedot","status":"publish","type":"page","link":"https:\/\/varatuomariturpela.fi\/?page_id=58","title":{"rendered":"Yhteystiedot"},"content":{"rendered":"\n<p>Toiminta-alueeni on p\u00e4\u00e4asiallisesti Jyv\u00e4skyl\u00e4 ja Keuruu. Keski-Suomen muut kunnat sopimuksen mukaan. My\u00f6s et\u00e4tapaamiset onnistuvat sopimuksen mukaan.<\/p>\n\n\n\n<p><strong>S\u00e4hk\u00f6posti<\/strong><br>heidi.turpela (\u00e4t) varatuomariturpela.fi<\/p>\n","protected":false},"excerpt":{"rendered":"<p>Toiminta-alueeni on p\u00e4\u00e4asiallisesti Jyv\u00e4skyl\u00e4 ja Keuruu. Keski-Suomen muut kunnat sopimuksen mukaan. My\u00f6s et\u00e4tapaamiset onnistuvat sopimuksen mukaan. S\u00e4hk\u00f6postiheidi.turpela (\u00e4t) varatuomariturpela.fi<\/p>\n","protected":false},"author":1,"featured_media":0,"parent":0,"menu_order":0,"comment_status":"closed","ping_status":"closed","template":"","meta":{"footnotes":""},"class_list":["post-58","page","type-page","status-publish","hentry"],"_links":{"self":[{"href":"https:\/\/varatuomariturpela.fi\/index.php?rest_route=\/wp\/v2\/pages\/58","targetHints":{"allow":["GET"]}}],"collection":[{"href":"https:\/\/varatuomariturpela.fi\/index.php?rest_route=\/wp\/v2\/pages"}],"about":[{"href":"https:\/\/varatuomariturpela.fi\/index.php?rest_route=\/wp\/v2\/types\/page"}],"author":[{"embeddable":true,"href":"https:\/\/varatuomariturpela.fi\/index.php?rest_route=\/wp\/v2\/users\/1"}],"replies":[{"embeddable":true,"href":"https:\/\/varatuomariturpela.fi\/index.php?rest_route=%2Fwp%2Fv2%2Fcomments&post=58"}],"version-history":[{"count":3,"href":"https:\/\/varatuomariturpela.fi\/index.php?rest_route=\/wp\/v2\/pages\/58\/revisions"}],"predecessor-version":[{"id":67,"href":"https:\/\/varatuomariturpela.fi\/index.php?rest_route=\/wp\/v2\/pages\/58\/revisions\/67"}],"wp:attachment":[{"href":"https:\/\/varatuomariturpela.fi\/index.php?rest_route=%2Fwp%2Fv2%2Fmedia&parent=58"}],"curies":[{"name":"wp","href":"https:\/\/api.w.org\/{rel}","templated":true}]}}