{"id":73,"date":"2026-03-13T13:57:25","date_gmt":"2026-03-13T11:57:25","guid":{"rendered":"https:\/\/varatuomariturpela.fi\/?page_id=73"},"modified":"2026-03-13T13:57:25","modified_gmt":"2026-03-13T11:57:25","slug":"hinnasto","status":"publish","type":"page","link":"https:\/\/varatuomariturpela.fi\/?page_id=73","title":{"rendered":"Hinnasto"},"content":{"rendered":"\n<p>Mik\u00e4li ensimm\u00e4inen puhelinneuvottelu tai alustava s\u00e4hk\u00f6postikirjeenvaihto ei johda toimeksiantoon, siit\u00e4 ei perit\u00e4 erikseen palkkiota.<br>Laskutus perustuu useissa tapauksissa toimeksiannon hoitamiseen<br>k\u00e4ytettyyn aikaan. Yksitt\u00e4isist\u00e4 puhelinneuvotteluista ja muista<br>pienist\u00e4 toimenpiteist\u00e4 veloitetaan yleens\u00e4 aina v\u00e4hint\u00e4\u00e4n 15 minuutin<br>(0,25 tunnin) aikaveloitus.<\/p>\n\n\n\n<p>Perusmuotoisen avioehtosopimuksen tai yksinkertaisen testamentin<br>laatiminen ja todistaminen neuvotteluineen maksavat 370 \u20ac. Lis\u00e4ksi Digi<br>\u2013 ja v\u00e4est\u00f6tietovirasto perii avioehtosopimuksen rekister\u00f6innist\u00e4<br>erillisen maksun. Mik\u00e4li laadittava asiakirja on tavanomaista ty\u00f6l\u00e4\u00e4mpi<br>toimeksiannosta, laskutetaan edell\u00e4 mainitun tuntitaksan mukaisesti koko<br>toimeksiantoon k\u00e4ytetylt\u00e4 ajalta. On mahdollista sopia hinta my\u00f6s<br>etuk\u00e4teen toimeksiannoittain.<\/p>\n\n\n\n<p>Tavanomaisessa kuolinpes\u00e4ss\u00e4 perunkirjoituksen hinta on 1 000 euroa.<br>Tavanomaisen edunvalvontavaltuutuksen hinta on 370 euroa.<br>Viranomaisten perim\u00e4t maksut ja muut kulut laskutetaan erikseen.<\/p>\n\n\n\n<p><br>Esimerkiksi matkakuluista autolla laskutus 0,59 \u20ac\/km ja tavanomaista<br>suuremmista tulostus- ja kopiointikuluista 0,40 \u20ac\/mustavalkosivu ja 0,65<br>euroa\/v\u00e4risivu.<br><\/p>\n\n\n\n<p>Kaikki hinnat sis\u00e4lt\u00e4v\u00e4t arvonlis\u00e4veron 25,5 %.<\/p>\n\n\n\n<p><\/p>\n","protected":false},"excerpt":{"rendered":"<p>Mik\u00e4li ensimm\u00e4inen puhelinneuvottelu tai alustava s\u00e4hk\u00f6postikirjeenvaihto ei johda toimeksiantoon, siit\u00e4 ei perit\u00e4 erikseen palkkiota.Laskutus perustuu useissa tapauksissa toimeksiannon hoitamiseenk\u00e4ytettyyn aikaan. Yksitt\u00e4isist\u00e4 puhelinneuvotteluista ja muistapienist\u00e4 toimenpiteist\u00e4 veloitetaan yleens\u00e4 aina v\u00e4hint\u00e4\u00e4n 15 minuutin(0,25 tunnin) aikaveloitus. Perusmuotoisen avioehtosopimuksen tai yksinkertaisen testamentinlaatiminen ja todistaminen neuvotteluineen maksavat 370 \u20ac. Lis\u00e4ksi Digi\u2013 ja v\u00e4est\u00f6tietovirasto perii avioehtosopimuksen rekister\u00f6innist\u00e4erillisen maksun. Mik\u00e4li laadittava asiakirja &hellip; <\/p>\n<p class=\"link-more\"><a href=\"https:\/\/varatuomariturpela.fi\/?page_id=73\" class=\"more-link\">Jatka lukemista<span class=\"screen-reader-text\"> &#8221;Hinnasto&#8221;<\/span><\/a><\/p>\n","protected":false},"author":1,"featured_media":0,"parent":0,"menu_order":0,"comment_status":"closed","ping_status":"closed","template":"","meta":{"footnotes":""},"class_list":["post-73","page","type-page","status-publish","hentry"],"_links":{"self":[{"href":"https:\/\/varatuomariturpela.fi\/index.php?rest_route=\/wp\/v2\/pages\/73","targetHints":{"allow":["GET"]}}],"collection":[{"href":"https:\/\/varatuomariturpela.fi\/index.php?rest_route=\/wp\/v2\/pages"}],"about":[{"href":"https:\/\/varatuomariturpela.fi\/index.php?rest_route=\/wp\/v2\/types\/page"}],"author":[{"embeddable":true,"href":"https:\/\/varatuomariturpela.fi\/index.php?rest_route=\/wp\/v2\/users\/1"}],"replies":[{"embeddable":true,"href":"https:\/\/varatuomariturpela.fi\/index.php?rest_route=%2Fwp%2Fv2%2Fcomments&post=73"}],"version-history":[{"count":1,"href":"https:\/\/varatuomariturpela.fi\/index.php?rest_route=\/wp\/v2\/pages\/73\/revisions"}],"predecessor-version":[{"id":74,"href":"https:\/\/varatuomariturpela.fi\/index.php?rest_route=\/wp\/v2\/pages\/73\/revisions\/74"}],"wp:attachment":[{"href":"https:\/\/varatuomariturpela.fi\/index.php?rest_route=%2Fwp%2Fv2%2Fmedia&parent=73"}],"curies":[{"name":"wp","href":"https:\/\/api.w.org\/{rel}","templated":true}]}}