{"id":9,"date":"2026-03-03T13:21:47","date_gmt":"2026-03-03T13:21:47","guid":{"rendered":"https:\/\/varatuomariturpela.fi\/?page_id=9"},"modified":"2026-03-08T17:28:55","modified_gmt":"2026-03-08T17:28:55","slug":"etusivu","status":"publish","type":"page","link":"https:\/\/varatuomariturpela.fi\/","title":{"rendered":"Etusivu"},"content":{"rendered":"\n<p>Nimeni on Heidi Turpela. Olen ty\u00f6skennellyt yli kymmenen vuoden ajan vaativissa juridisissa asiantuntijateht\u00e4viss\u00e4 julkisella ja yksityisell\u00e4 sektorilla.<\/p>\n\n\n\n<p>Olen suorittanut oikeustieteen maisterin tutkinnon Helsingin yliopistossa vuonna 2015 ja olen on suorittanut hyv\u00e4ksytysti Suomen Asianajajaliiton j\u00e4rjest\u00e4m\u00e4n Asianajajatutkinnon 7.6.2023. Varatuomarin arvonimen olen saanut marraskuussa 2024 suoritettuani tuomioistuinharjoittelun Keski-Suomen k\u00e4r\u00e4j\u00e4oikeudessa.<\/p>\n\n\n\n<p>Erityisosaamistani ovat sopimusoikeus sek\u00e4 perhe- ja j\u00e4\u00e4mist\u00f6oikeus. Voin olla avuksi my\u00f6s hallinto-oikeudellisissa toimeksiannoissa, kuten kanteluissa viranomaiselle.<\/p>\n\n\n\n<figure class=\"wp-block-image size-full\"><img loading=\"lazy\" decoding=\"async\" width=\"1024\" height=\"812\" src=\"https:\/\/varatuomariturpela.fi\/wp-content\/uploads\/2026\/03\/profiilikuva-mainokseen-ja-verkkosivuille.jpg\" alt=\"Kuva minusta ja lemmikist\u00e4ni\" class=\"wp-image-33\" srcset=\"https:\/\/varatuomariturpela.fi\/wp-content\/uploads\/2026\/03\/profiilikuva-mainokseen-ja-verkkosivuille.jpg 1024w, https:\/\/varatuomariturpela.fi\/wp-content\/uploads\/2026\/03\/profiilikuva-mainokseen-ja-verkkosivuille-300x238.jpg 300w, https:\/\/varatuomariturpela.fi\/wp-content\/uploads\/2026\/03\/profiilikuva-mainokseen-ja-verkkosivuille-768x609.jpg 768w\" sizes=\"auto, (max-width: 767px) 89vw, (max-width: 1000px) 54vw, (max-width: 1071px) 543px, 580px\" \/><\/figure>\n","protected":false},"excerpt":{"rendered":"<p>Nimeni on Heidi Turpela. Olen ty\u00f6skennellyt yli kymmenen vuoden ajan vaativissa juridisissa asiantuntijateht\u00e4viss\u00e4 julkisella ja yksityisell\u00e4 sektorilla. Olen suorittanut oikeustieteen maisterin tutkinnon Helsingin yliopistossa vuonna 2015 ja olen on suorittanut hyv\u00e4ksytysti Suomen Asianajajaliiton j\u00e4rjest\u00e4m\u00e4n Asianajajatutkinnon 7.6.2023. Varatuomarin arvonimen olen saanut marraskuussa 2024 suoritettuani tuomioistuinharjoittelun Keski-Suomen k\u00e4r\u00e4j\u00e4oikeudessa. Erityisosaamistani ovat sopimusoikeus sek\u00e4 perhe- ja j\u00e4\u00e4mist\u00f6oikeus. Voin olla &hellip; <\/p>\n<p class=\"link-more\"><a href=\"https:\/\/varatuomariturpela.fi\/\" class=\"more-link\">Jatka lukemista<span class=\"screen-reader-text\"> &#8221;Etusivu&#8221;<\/span><\/a><\/p>\n","protected":false},"author":1,"featured_media":0,"parent":0,"menu_order":0,"comment_status":"closed","ping_status":"closed","template":"","meta":{"footnotes":""},"class_list":["post-9","page","type-page","status-publish","hentry"],"_links":{"self":[{"href":"https:\/\/varatuomariturpela.fi\/index.php?rest_route=\/wp\/v2\/pages\/9","targetHints":{"allow":["GET"]}}],"collection":[{"href":"https:\/\/varatuomariturpela.fi\/index.php?rest_route=\/wp\/v2\/pages"}],"about":[{"href":"https:\/\/varatuomariturpela.fi\/index.php?rest_route=\/wp\/v2\/types\/page"}],"author":[{"embeddable":true,"href":"https:\/\/varatuomariturpela.fi\/index.php?rest_route=\/wp\/v2\/users\/1"}],"replies":[{"embeddable":true,"href":"https:\/\/varatuomariturpela.fi\/index.php?rest_route=%2Fwp%2Fv2%2Fcomments&post=9"}],"version-history":[{"count":4,"href":"https:\/\/varatuomariturpela.fi\/index.php?rest_route=\/wp\/v2\/pages\/9\/revisions"}],"predecessor-version":[{"id":71,"href":"https:\/\/varatuomariturpela.fi\/index.php?rest_route=\/wp\/v2\/pages\/9\/revisions\/71"}],"wp:attachment":[{"href":"https:\/\/varatuomariturpela.fi\/index.php?rest_route=%2Fwp%2Fv2%2Fmedia&parent=9"}],"curies":[{"name":"wp","href":"https:\/\/api.w.org\/{rel}","templated":true}]}}